{"id":931,"date":"2014-05-05T20:50:31","date_gmt":"2014-05-05T19:50:31","guid":{"rendered":"http:\/\/www.daniel-ortiz.es\/coomonte\/?page_id=931"},"modified":"2024-01-30T00:05:22","modified_gmt":"2024-01-29T23:05:22","slug":"situacion","status":"publish","type":"page","link":"https:\/\/coomonte.net\/index.php\/situacion\/","title":{"rendered":"Situaci\u00f3n"},"content":{"rendered":"<p style=\"text-align: left;\">Coomonte es un lugar y municipio de Espa\u00f1a, situado en la Comunidad Aut\u00f3noma de Castilla y Le\u00f3n y en el norte de la provincia de Zamora. (Coordenadas: 42,11541; -5,81477). Limita al norte con la provincia de Le\u00f3n (municipio de Alija del Infantado), al sur con Santa Mar\u00eda de la Vega, al oeste con Villaferrue\u00f1a y al este con Maire de Castroponce.<\/p>\n<p style=\"text-align: center;\"><strong>SITUACI\u00d3N EN GOOGLE MAPS<\/strong><\/p>\n<p style=\"text-align: center;\"><iframe loading=\"lazy\" src=\"https:\/\/maps.google.es\/maps?f=q&amp;source=s_q&amp;hl=es&amp;geocode=&amp;q=coomonte&amp;aq=&amp;sll=41.660541,-4.426213&amp;sspn=4.629251,10.821533&amp;t=h&amp;ie=UTF8&amp;hq=&amp;hnear=Coomonte,+Zamora,+Castilla+y+Le%C3%B3n&amp;ll=42.115284,-5.812545&amp;spn=0.143655,0.338173&amp;z=12&amp;output=embed\" width=\"732\" height=\"685\" frameborder=\"0\" marginwidth=\"0\" marginheight=\"0\" scrolling=\"no\"><\/iframe><br \/>\n<small><a style=\"color: #0000ff; text-align: left;\" href=\"https:\/\/maps.google.es\/maps?f=q&amp;source=embed&amp;hl=es&amp;geocode=&amp;q=coomonte&amp;aq=&amp;sll=41.660541,-4.426213&amp;sspn=4.629251,10.821533&amp;t=h&amp;ie=UTF8&amp;hq=&amp;hnear=Coomonte,+Zamora,+Castilla+y+Le%C3%B3n&amp;ll=42.115284,-5.812545&amp;spn=0.143655,0.338173&amp;z=12\">Ver mapa m\u00e1s grande<\/a><\/small><\/p>\n","protected":false},"excerpt":{"rendered":"<p>Coomonte es un lugar y municipio de Espa\u00f1a, situado en la Comunidad Aut\u00f3noma de Castilla y Le\u00f3n y en el norte de la provincia de Zamora. (Coordenadas: 42,11541; -5,81477). Limita al norte con la provincia de Le\u00f3n (municipio de Alija del Infantado), al sur con Santa Mar\u00eda de la Vega, al oeste con Villaferrue\u00f1a y&#8230;<\/p>\n","protected":false},"author":1,"featured_media":235,"parent":0,"menu_order":0,"comment_status":"closed","ping_status":"closed","template":"","meta":{"ngg_post_thumbnail":0,"footnotes":""},"class_list":["post-931","page","type-page","status-publish","has-post-thumbnail","hentry"],"aioseo_notices":[],"jetpack-related-posts":[],"jetpack_sharing_enabled":true,"_links":{"self":[{"href":"https:\/\/coomonte.net\/index.php\/wp-json\/wp\/v2\/pages\/931","targetHints":{"allow":["GET"]}}],"collection":[{"href":"https:\/\/coomonte.net\/index.php\/wp-json\/wp\/v2\/pages"}],"about":[{"href":"https:\/\/coomonte.net\/index.php\/wp-json\/wp\/v2\/types\/page"}],"author":[{"embeddable":true,"href":"https:\/\/coomonte.net\/index.php\/wp-json\/wp\/v2\/users\/1"}],"replies":[{"embeddable":true,"href":"https:\/\/coomonte.net\/index.php\/wp-json\/wp\/v2\/comments?post=931"}],"version-history":[{"count":4,"href":"https:\/\/coomonte.net\/index.php\/wp-json\/wp\/v2\/pages\/931\/revisions"}],"predecessor-version":[{"id":4213,"href":"https:\/\/coomonte.net\/index.php\/wp-json\/wp\/v2\/pages\/931\/revisions\/4213"}],"wp:featuredmedia":[{"embeddable":true,"href":"https:\/\/coomonte.net\/index.php\/wp-json\/wp\/v2\/media\/235"}],"wp:attachment":[{"href":"https:\/\/coomonte.net\/index.php\/wp-json\/wp\/v2\/media?parent=931"}],"curies":[{"name":"wp","href":"https:\/\/api.w.org\/{rel}","templated":true}]}}