{"id":929,"date":"2014-05-05T20:50:18","date_gmt":"2014-05-05T19:50:18","guid":{"rendered":"http:\/\/www.daniel-ortiz.es\/coomonte\/?page_id=929"},"modified":"2024-03-06T19:10:00","modified_gmt":"2024-03-06T18:10:00","slug":"tradiciones","status":"publish","type":"page","link":"https:\/\/coomonte.net\/index.php\/tradiciones\/","title":{"rendered":"Tradiciones"},"content":{"rendered":"<p>&nbsp;<\/p>\n<div id=\"fb-root\">Un peque\u00f1o resumen de las tradiciones locales, algunas de las cuales llevan siglos arraigadas en Coomonte.<\/div>\n<p>&nbsp;<\/p>\n<div style=\"margin-top: 30px;\">\n<h2>El Antruejo<\/h2>\n<p>El antruejo es una de las m\u00e1s arraigadas tradiciones en Coomonte y en toda la hist\u00f3rica tierra del Se\u00f1or\u00edo de Alija. En la vecina villa leonesa se mantiene la centenaria tradici\u00f3n de los Jurrus y los Birrias, fiesta de Inter\u00e9s Tur\u00edstico Nacional. Por nuestra parte, siempre ha sido una de las celebraciones m\u00e1s t\u00edpicas, comenzando por el lunes de carnaval, con los ni\u00f1os blandiendo cencerros \u00ablos zumbos\u00bb por las calles, para hacer ruido, mientas las personas mayores les entregan caramelos o propinas.<\/p>\n<p>El martes de carnaval, hab\u00eda la costumbre de reunirse en el trinquete, vestidos de paparr\u00f3n (un disfraz difuso e indescriptible, con harapos viejos y pajas) para beber vino en jarra, en porrones variopintos y originales, hacer bromas, jugar a la pelota a mano y merendar \u00abel escabeche\u00bb.&nbsp;<\/p>\n<p>Durante unos a\u00f1os y a la salida de la misa del Mi\u00e9rcoles de ceniza, se celebr\u00f3 tambi\u00e9n el entierro de la sardina.<\/p>\n<h2>El Tortillero<\/h2>\n<p>Un domingo antes del de Ramos, es tradicional acudir a la bodega, o al monte (si hace bueno) para celebrar un banquete con la familia o con amigos, en la que nunca puede faltar la tortilla de patatas. Con cebolla.<\/p>\n<h2>La Semana Santa<\/h2>\n<p><img loading=\"lazy\" decoding=\"async\" class=\"size-medium wp-image-4027 alignleft\" src=\"https:\/\/coomonte.net\/wp-content\/uploads\/2024\/01\/IMG_0295-225x300.jpg\" alt=\"\" width=\"225\" height=\"300\" srcset=\"https:\/\/coomonte.net\/wp-content\/uploads\/2024\/01\/IMG_0295-225x300.jpg 225w, https:\/\/coomonte.net\/wp-content\/uploads\/2024\/01\/IMG_0295.jpg 571w\" sizes=\"auto, (max-width: 225px) 100vw, 225px\" \/>La Semana Santa de Coomonte es una de las mejor conservadas de la zona. Si bien ya no existen ni la cofrad\u00eda del Nazareno, ni la del Bendito Cristo, se siguen celebrando todas las procesiones. Antiguamente, tambi\u00e9n se celebraban \u00ablas tinieblas\u00bb el d\u00eda Jueves Santo, donde con la luz apagada, en la iglesia se hac\u00edan resonar carracas y matracas (utensilios tradicionales de hacer ruido), para \u00abpasmar a Dios\u00bb.<\/p>\n<p>Hoy en d\u00eda existe la subasta para portar el Bendito Cristo de la ermita a la Iglesia, en procesi\u00f3n. Y de la Iglesia a la procesi\u00f3n de la Santa Carrera que se celebra el d\u00eda Jueves Santo, antes de los Oficios. Es la procesi\u00f3n con el recorrido m\u00e1s largo.<\/p>\n<p>El Viernes Santo se celebra por la ma\u00f1ana la procesi\u00f3n del Nazareno. Donde Jes\u00fas porta la cruz -y su imagen es portada en andas por los lugare\u00f1os- hacia el Calvario. Y por la calle de dicho nombre sube hacia la Iglesia. A la tarde, los oficios.<\/p>\n<p>La<strong> noche del Viernes Santo<\/strong> se lleva a cabo la <strong>Procesi\u00f3n de La Soledad<\/strong>, donde las calles son iluminadas por los faroles de los procesionarios, de elaboraci\u00f3n tradicional. Es quiz\u00e1 la m\u00e1s arraigada de todas las celebraciones de Semana Santa y acude todo el pueblo, incluso los que no son devotos en exceso. Es un honor local portar unos metros la Cruz de la Soledad, con la s\u00e1bana santa.<\/p>\n<h2>El arco<\/h2>\n<p><img loading=\"lazy\" decoding=\"async\" class=\"size-medium wp-image-4025 alignleft\" src=\"https:\/\/coomonte.net\/wp-content\/uploads\/2024\/01\/IMG_0504-300x225.jpg\" alt=\"\" width=\"300\" height=\"225\" srcset=\"https:\/\/coomonte.net\/wp-content\/uploads\/2024\/01\/IMG_0504-300x225.jpg 300w, https:\/\/coomonte.net\/wp-content\/uploads\/2024\/01\/IMG_0504-768x576.jpg 768w, https:\/\/coomonte.net\/wp-content\/uploads\/2024\/01\/IMG_0504.jpg 1015w\" sizes=\"auto, (max-width: 300px) 100vw, 300px\" \/>El S\u00e1bado Santo, los quintos (no se sabe de qu\u00e9 a\u00f1o) proceden a levantar el arco de Pascua. Se hace por la tarde-noche del s\u00e1bado y consiste en el levantamiento de cuatro largas vigas de madera reci\u00e9n cortada, con adornos florales y forraje para, bajo su decorado realizar \u00abel encuentro\u00bb al d\u00eda siguiente, del Resucitado con su Madre, la Virgen.<\/p>\n<p>El domingo de Resurreci\u00f3n se procede a la procesi\u00f3n del encuentro, donde tradicionalmente las mujeres, descienden con la imagen de la virgen portada por las \u00abhijas de Mar\u00eda\u00bb (mozas del pueblo ataviadas con traje tradicional) por la Calle de La Iglesia, mientras que los hombres portan las im\u00e1genes de San Juan Evangelista y del Cristo Resucitado por la Calle de San Roque, para encontrarse con Mar\u00eda la Virgen en la Plaza, bajo el Arco de Pascua.<\/p>\n<h2>El mayo<\/h2>\n<p>El primer fin de semana de Mayo, los quintos (no se sabe de qu\u00e9 a\u00f1o) proceden a plantar el Mayo. Es m\u00e1s tradicional en los pueblos del entorno que en Coomonte, sin embargo, muchos a\u00f1os se ha hecho tambi\u00e9n aqu\u00ed. Consiste en la corta y poda de un tronco largo, en lo alto del cual se coloca \u00abel mayo\u00bb, un mu\u00f1eco tradicional vestido de \u00abpaparr\u00f3n\u00bb que permanece en lo alto durante todo el mes de las flores. Es una fiesta muy tradicional en la Regi\u00f3n Leonesa y guarda relaci\u00f3n con el Arco de Pascua antes mencionado. Sus or\u00edgenes se remontan al paganismo prerromano.<\/p>\n<h2>San Isidro Labrador<\/h2>\n<p>Coomonte tradicionalmente fue siempre un pueblo de labradores. La agricultura fue siempre la profesi\u00f3n ancestral, ejercida hasta por los profesionales liberales que dispon\u00edan de otros oficios. Por ello, San Isidro, sin ser uno de los patrones principales (lo son San Juan Bautista y San Marcos Evangelista), es fiesta local en Coomonte. La procesi\u00f3n que se lleva a cabo ese d\u00eda visita los campos para bendecirlos y es tradicional que los que a\u00fan se dedican a la agricultura realicen una comida. Antiguamente se celebraba la novena donde se realizaban c\u00e1nticos a San Isidro, muy tradicionales.<\/p>\n<h2>Santiago<\/h2>\n<p>El d\u00eda 25 de julio es el d\u00eda del Ap\u00f3stol Santiago, patr\u00f3n de Espa\u00f1a. La costumbre de ese d\u00eda, en Coomonte, es acudir a cenar \u00aba la cueva\u00bb, que es el nombre tradicional que se otorga a las bodegas en nuestro municipio. La Cueva tiene un papel central en la vida social de Coomonte, pueblo con m\u00e1s de 100 bodegas tradicionales donde elaborar vino, merendar y pasar buenos ratos cantando.<\/p>\n<h2>Los quintos<\/h2>\n<p>La madrugada del 31 de octubre al 1 de noviembre, los que \u0336v\u0336a\u0336n\u0336 \u0336a\u0336 \u0336l\u0336a\u0336 \u0336m\u0336i\u0336l\u0336i\u0336 cumplen 18 a\u00f1os dentro del a\u00f1o en cuesti\u00f3n, se consideran los quintos del a\u00f1o siguiente y por lo tanto celebran la fiesta de \u00ablos quintos\u00bb, que generalmente se hace en una bodega, donde invitan al resto del pueblo. A altas horas de la madrugada, s\u00f3lo quedan los propios quintos y m\u00e1s vale que nadie se los encuentre por la calle. Es tradicional ver la \u00abrastra\u00bb para emparejar a solteros, uniendo sus casas con un rastro de paja por las calles; y tambi\u00e9n, las pintadas sat\u00edricas y de contenido humor\u00edstico, unidas a las de \u00abVivan los Quintos\u00bb, que aparecen en las calles a la ma\u00f1ana siguiente.<\/p>\n<\/div>\n<h2>Llamar a concejo<\/h2>\n<p>Cuando exist\u00eda un asunto de relevancia local en el que el Concejo o el Ayuntamiento (a partir de 1833) decid\u00eda que deb\u00edan tomar parte los vecinos, se los convocaba a Concejo, esto es, a concejo abierto, que se celebraba tradicionalmente al salir de misa, ora en el \u00abcircuito\u00bb de la Iglesia (junto a la Cruz de 1767), o bien en la Plaza. Deb\u00eda asistir un miembro de cada casa, esto es, un voto por vecino tradicional, no por habitante. Esta forma de democracia directa es muy tradicional en los antiguos lugares de la Regi\u00f3n Leonesa. Los \u00faltimos \u00abconcejos\u00bb celebrados de manera tradicional tuvieron lugar a finales de los a\u00f1os 90 del siglo XX.<\/p>\n<p>&nbsp;<\/p>\n<p>EXISTEN MUCHAS M\u00c1S Y MUY NUMEROSAS TRADICIONES, IREMOS A\u00d1ADI\u00c9NDOLAS CON EL TIEMPO.<\/p>\n<div style=\"margin-top: 30px;\">\n<p>&nbsp;<\/p>\n<p>&nbsp;<\/p>\n<\/div>\n<p>&nbsp;<\/p>\n<div class=\"fb-comments\" data-href=\"http:\/\/www.daniel-ortiz.es\/coomonte\/tradiciones\/\" data-num-posts=\"2\" data-width=\"600\">&nbsp;<\/div>\n<p>&nbsp;<\/p>\n","protected":false},"excerpt":{"rendered":"<p>&nbsp; Un peque\u00f1o resumen de las tradiciones locales, algunas de las cuales llevan siglos arraigadas en Coomonte. &nbsp; El Antruejo El antruejo es una de las m\u00e1s arraigadas tradiciones en Coomonte y en toda la hist\u00f3rica tierra del Se\u00f1or\u00edo de Alija. En la vecina villa leonesa se mantiene la centenaria tradici\u00f3n de los Jurrus y&#8230;<\/p>\n","protected":false},"author":1,"featured_media":36,"parent":0,"menu_order":0,"comment_status":"closed","ping_status":"closed","template":"","meta":{"ngg_post_thumbnail":0,"footnotes":""},"class_list":["post-929","page","type-page","status-publish","has-post-thumbnail","hentry"],"aioseo_notices":[],"jetpack-related-posts":[],"jetpack_sharing_enabled":true,"_links":{"self":[{"href":"https:\/\/coomonte.net\/index.php\/wp-json\/wp\/v2\/pages\/929","targetHints":{"allow":["GET"]}}],"collection":[{"href":"https:\/\/coomonte.net\/index.php\/wp-json\/wp\/v2\/pages"}],"about":[{"href":"https:\/\/coomonte.net\/index.php\/wp-json\/wp\/v2\/types\/page"}],"author":[{"embeddable":true,"href":"https:\/\/coomonte.net\/index.php\/wp-json\/wp\/v2\/users\/1"}],"replies":[{"embeddable":true,"href":"https:\/\/coomonte.net\/index.php\/wp-json\/wp\/v2\/comments?post=929"}],"version-history":[{"count":6,"href":"https:\/\/coomonte.net\/index.php\/wp-json\/wp\/v2\/pages\/929\/revisions"}],"predecessor-version":[{"id":4388,"href":"https:\/\/coomonte.net\/index.php\/wp-json\/wp\/v2\/pages\/929\/revisions\/4388"}],"wp:featuredmedia":[{"embeddable":true,"href":"https:\/\/coomonte.net\/index.php\/wp-json\/wp\/v2\/media\/36"}],"wp:attachment":[{"href":"https:\/\/coomonte.net\/index.php\/wp-json\/wp\/v2\/media?parent=929"}],"curies":[{"name":"wp","href":"https:\/\/api.w.org\/{rel}","templated":true}]}}