{"id":4216,"date":"2024-01-30T00:07:10","date_gmt":"2024-01-29T23:07:10","guid":{"rendered":"https:\/\/coomonte.net\/?page_id=4216"},"modified":"2024-01-30T00:34:20","modified_gmt":"2024-01-29T23:34:20","slug":"coomonte-en-datos","status":"publish","type":"page","link":"https:\/\/coomonte.net\/index.php\/coomonte-en-datos\/","title":{"rendered":"Coomonte en datos"},"content":{"rendered":"\n<p>Poblaci\u00f3n (2023): 175 habitantes.<\/p>\n\n\n\n<p>Altitud m\u00e1xima: 776 metros sobre el nivel del mar (cartograf\u00eda del IGN)<\/p>\n\n\n\n<p>Altitud m\u00ednima: 728 metros sobre el nivel del mar (cartograf\u00eda del IGN)<\/p>\n\n\n\n<p>Superficie: 10,25&nbsp;km\u00b2<\/p>\n\n\n\n<p>Precipitaciones:<\/p>\n\n\n\n<p>Temperaturas:<\/p>\n\n\n\n<p>PIB:<\/p>\n\n\n\n<p>Presupuesto municipal: 207.000 euros (2023).<\/p>\n\n\n\n<p>Forma de gobierno: ayuntamiento. <\/p>\n\n\n\n<p>N\u00famero de concejales: 5. Elegidos en listas abiertas.<\/p>\n\n\n\n<p>Escudo y bandera:<\/p>\n\n\n\n<p>Fundaci\u00f3n: Anterior al siglo XIII. Asentamientos de poblaci\u00f3n desde la Edad Antigua.<\/p>\n\n\n\n<p><\/p>\n\n\n\n<p><\/p>\n","protected":false},"excerpt":{"rendered":"<p>Poblaci\u00f3n (2023): 175 habitantes. Altitud m\u00e1xima: 776 metros sobre el nivel del mar (cartograf\u00eda del IGN) Altitud m\u00ednima: 728 metros sobre el nivel del mar (cartograf\u00eda del IGN) Superficie: 10,25&nbsp;km\u00b2 Precipitaciones: Temperaturas: PIB: Presupuesto municipal: 207.000 euros (2023). Forma de gobierno: ayuntamiento. N\u00famero de concejales: 5. Elegidos en listas abiertas. Escudo y bandera: Fundaci\u00f3n: Anterior&#8230;<\/p>\n","protected":false},"author":1,"featured_media":0,"parent":0,"menu_order":0,"comment_status":"closed","ping_status":"closed","template":"","meta":{"ngg_post_thumbnail":0,"footnotes":""},"class_list":["post-4216","page","type-page","status-publish","hentry"],"aioseo_notices":[],"jetpack-related-posts":[],"jetpack_sharing_enabled":true,"_links":{"self":[{"href":"https:\/\/coomonte.net\/index.php\/wp-json\/wp\/v2\/pages\/4216","targetHints":{"allow":["GET"]}}],"collection":[{"href":"https:\/\/coomonte.net\/index.php\/wp-json\/wp\/v2\/pages"}],"about":[{"href":"https:\/\/coomonte.net\/index.php\/wp-json\/wp\/v2\/types\/page"}],"author":[{"embeddable":true,"href":"https:\/\/coomonte.net\/index.php\/wp-json\/wp\/v2\/users\/1"}],"replies":[{"embeddable":true,"href":"https:\/\/coomonte.net\/index.php\/wp-json\/wp\/v2\/comments?post=4216"}],"version-history":[{"count":3,"href":"https:\/\/coomonte.net\/index.php\/wp-json\/wp\/v2\/pages\/4216\/revisions"}],"predecessor-version":[{"id":4221,"href":"https:\/\/coomonte.net\/index.php\/wp-json\/wp\/v2\/pages\/4216\/revisions\/4221"}],"wp:attachment":[{"href":"https:\/\/coomonte.net\/index.php\/wp-json\/wp\/v2\/media?parent=4216"}],"curies":[{"name":"wp","href":"https:\/\/api.w.org\/{rel}","templated":true}]}}