{"id":4155,"date":"2024-01-25T23:04:48","date_gmt":"2024-01-25T22:04:48","guid":{"rendered":"https:\/\/coomonte.net\/?page_id=4155"},"modified":"2024-01-27T13:35:09","modified_gmt":"2024-01-27T12:35:09","slug":"musica","status":"publish","type":"page","link":"https:\/\/coomonte.net\/index.php\/musica\/","title":{"rendered":"M\u00fasica"},"content":{"rendered":"\n<p>Coomonte es un pueblo de m\u00fasicos, donde siempre han surgido, y de manera hist\u00f3ricamente documentada por los siglos, tamborileros y dulzaineros. Tradici\u00f3n esta, que se mantiene hasta el d\u00eda de hoy. Al margen, tambi\u00e9n han surgido artistas modernos, como el grupo de rock Leviat\u00e1n o la charanga Los Pepes.<\/p>\n\n\n\n<p class=\"has-text-align-justify\"><\/p>\n\n\n\n<div class=\"wp-block-media-text is-stacked-on-mobile\" style=\"grid-template-columns:16% auto\"><figure class=\"wp-block-media-text__media\"><a href=\"https:\/\/coomonte.net\/wp-content\/uploads\/2024\/01\/thevolqueision.jpeg\"><img loading=\"lazy\" decoding=\"async\" width=\"226\" height=\"300\" src=\"https:\/\/coomonte.net\/wp-content\/uploads\/2024\/01\/thevolqueision-226x300.jpeg\" alt=\"\" class=\"wp-image-4173 size-full\" srcset=\"https:\/\/coomonte.net\/wp-content\/uploads\/2024\/01\/thevolqueision-226x300.jpeg 226w, https:\/\/coomonte.net\/wp-content\/uploads\/2024\/01\/thevolqueision-771x1024.jpeg 771w, https:\/\/coomonte.net\/wp-content\/uploads\/2024\/01\/thevolqueision-768x1021.jpeg 768w, https:\/\/coomonte.net\/wp-content\/uploads\/2024\/01\/thevolqueision-1156x1536.jpeg 1156w, https:\/\/coomonte.net\/wp-content\/uploads\/2024\/01\/thevolqueision.jpeg 1204w\" sizes=\"auto, (max-width: 226px) 100vw, 226px\" \/><\/a><\/figure><div class=\"wp-block-media-text__content\">\n<p>En agosto de 2002 se celebr\u00f3 en Coomonte el \u00abPaellarock\u00bb, en un d\u00eda con una climatolog\u00eda cambiante, donde se usaron las ya c\u00e9lebres camisetas de \u00abCoomonte, tradici\u00f3n por naturaleza\u00bb y actuaron los grupos de rock Vortex, Name y Bijou.<\/p>\n<\/div><\/div>\n\n\n\n<p>A nivel hist\u00f3rico siempre formaron parte de la m\u00fasica \u00abLos Jatas\u00bb, grupo de m\u00fasicos de Coomonte, que tomaban el apodo familiar como nombre y que formaron una charanga con gran tradici\u00f3n que dio a conocer Coomonte en todo el norte de Zamora y sur de Le\u00f3n.<\/p>\n\n\n\n<div class=\"wp-block-group\"><div class=\"wp-block-group__inner-container is-layout-constrained wp-block-group-is-layout-constrained\">\n<div class=\"wp-block-columns are-vertically-aligned-center is-layout-flex wp-container-core-columns-is-layout-9d6595d7 wp-block-columns-is-layout-flex\">\n<div class=\"wp-block-column is-vertically-aligned-center is-layout-flow wp-block-column-is-layout-flow\" style=\"flex-basis:100%\">\n<div class=\"wp-block-group\"><div class=\"wp-block-group__inner-container is-layout-constrained wp-block-group-is-layout-constrained\">\n<div class=\"wp-block-jetpack-tiled-gallery is-style-rectangular\"><div class=\"tiled-gallery__gallery\"><div class=\"tiled-gallery__row\"><div class=\"tiled-gallery__col\" style=\"flex-basis:18.21629%\"><figure class=\"tiled-gallery__item\"><img decoding=\"async\" srcset=\"https:\/\/i0.wp.com\/coomonte.net\/wp-content\/uploads\/2024\/01\/enrollamiento-325x1024.jpg?strip=info&#038;w=588 588w\" alt=\"\" data-height=\"1852\" data-id=\"4157\" data-link=\"https:\/\/coomonte.net\/index.php\/musica\/enrollamiento\/\" data-url=\"https:\/\/coomonte.net\/wp-content\/uploads\/2024\/01\/enrollamiento-325x1024.jpg\" data-width=\"588\" src=\"https:\/\/i0.wp.com\/coomonte.net\/wp-content\/uploads\/2024\/01\/enrollamiento-325x1024.jpg\" data-amp-layout=\"responsive\"\/><\/figure><\/div><div class=\"tiled-gallery__col\" style=\"flex-basis:81.78371%\"><figure class=\"tiled-gallery__item\"><img decoding=\"async\" srcset=\"https:\/\/i0.wp.com\/coomonte.net\/wp-content\/uploads\/2024\/01\/losjatas.jpg?strip=info&#038;w=600 600w,https:\/\/i0.wp.com\/coomonte.net\/wp-content\/uploads\/2024\/01\/losjatas.jpg?strip=info&#038;w=900 900w,https:\/\/i0.wp.com\/coomonte.net\/wp-content\/uploads\/2024\/01\/losjatas.jpg?strip=info&#038;w=988 988w\" alt=\"\" data-height=\"690\" data-id=\"4156\" data-link=\"https:\/\/coomonte.net\/index.php\/musica\/losjatas\/\" data-url=\"https:\/\/coomonte.net\/wp-content\/uploads\/2024\/01\/losjatas.jpg\" data-width=\"988\" src=\"https:\/\/i0.wp.com\/coomonte.net\/wp-content\/uploads\/2024\/01\/losjatas.jpg\" data-amp-layout=\"responsive\"\/><\/figure><\/div><\/div><\/div><\/div>\n<\/div><\/div>\n<\/div>\n<\/div>\n<\/div><\/div>\n\n\n\n<p>Los Jatas, de Coomonte, compartiendo cartel con grupos de primera l\u00ednea nacional en La Ba\u00f1eza, en 1978.<\/p>\n","protected":false},"excerpt":{"rendered":"<p>Coomonte es un pueblo de m\u00fasicos, donde siempre han surgido, y de manera hist\u00f3ricamente documentada por los siglos, tamborileros y dulzaineros. Tradici\u00f3n esta, que se mantiene hasta el d\u00eda de hoy. Al margen, tambi\u00e9n han surgido artistas modernos, como el grupo de rock Leviat\u00e1n o la charanga Los Pepes. En agosto de 2002 se celebr\u00f3&#8230;<\/p>\n","protected":false},"author":1,"featured_media":0,"parent":0,"menu_order":0,"comment_status":"closed","ping_status":"closed","template":"","meta":{"ngg_post_thumbnail":0,"footnotes":""},"class_list":["post-4155","page","type-page","status-publish","hentry"],"aioseo_notices":[],"jetpack-related-posts":[],"jetpack_sharing_enabled":true,"_links":{"self":[{"href":"https:\/\/coomonte.net\/index.php\/wp-json\/wp\/v2\/pages\/4155","targetHints":{"allow":["GET"]}}],"collection":[{"href":"https:\/\/coomonte.net\/index.php\/wp-json\/wp\/v2\/pages"}],"about":[{"href":"https:\/\/coomonte.net\/index.php\/wp-json\/wp\/v2\/types\/page"}],"author":[{"embeddable":true,"href":"https:\/\/coomonte.net\/index.php\/wp-json\/wp\/v2\/users\/1"}],"replies":[{"embeddable":true,"href":"https:\/\/coomonte.net\/index.php\/wp-json\/wp\/v2\/comments?post=4155"}],"version-history":[{"count":8,"href":"https:\/\/coomonte.net\/index.php\/wp-json\/wp\/v2\/pages\/4155\/revisions"}],"predecessor-version":[{"id":4177,"href":"https:\/\/coomonte.net\/index.php\/wp-json\/wp\/v2\/pages\/4155\/revisions\/4177"}],"wp:attachment":[{"href":"https:\/\/coomonte.net\/index.php\/wp-json\/wp\/v2\/media?parent=4155"}],"curies":[{"name":"wp","href":"https:\/\/api.w.org\/{rel}","templated":true}]}}