{"id":1230,"date":"2014-06-10T02:20:00","date_gmt":"2014-06-10T01:20:00","guid":{"rendered":"http:\/\/www.daniel-ortiz.es\/coomonte\/?page_id=1230"},"modified":"2014-06-10T02:20:00","modified_gmt":"2014-06-10T01:20:00","slug":"bici","status":"publish","type":"page","link":"https:\/\/coomonte.net\/index.php\/bici\/","title":{"rendered":"VII Marcha en Bici de monta\u00f1a"},"content":{"rendered":"<p><img loading=\"lazy\" decoding=\"async\" class=\"alignnone wp-image-1244 size-full\" src=\"http:\/\/www.ortizguerrero.com\/coomonte\/wp-content\/uploads\/2014\/06\/logomarcha.jpg\" alt=\"logomarcha\" width=\"815\" height=\"329\" srcset=\"https:\/\/coomonte.net\/wp-content\/uploads\/2014\/06\/logomarcha.jpg 815w, https:\/\/coomonte.net\/wp-content\/uploads\/2014\/06\/logomarcha-300x121.jpg 300w, https:\/\/coomonte.net\/wp-content\/uploads\/2014\/06\/logomarcha-768x310.jpg 768w\" sizes=\"auto, (max-width: 815px) 100vw, 815px\" \/><\/p>\n<p style=\"text-align: center;\">\u00a0<strong>HISTORIA \u00b7 RECORRIDO \u00b7 <\/strong><a href=\"http:\/\/www.daniel-ortiz.es\/coomonte\/wp-content\/uploads\/2014\/06\/VII-Marcha-en-bici.pdf\" target=\"_blank\" rel=\"noopener\">CARTEL<\/a><strong> \u00b7 LUGAR, HORA Y PROGRAMA\u00a0\u00b7 <\/strong><a title=\"Fotos de Marcha en bici\" href=\"\/coomonte\/marcha-en-bici\/\">FOTOGRAF\u00cdAS<\/a><\/p>\n<h4><\/h4>\n<h4>HISTORIA<\/h4>\n<p style=\"text-align: justify;\">La tradicional quedada para realizar un ruta en bicicleta por los parajes del entorno de Coomonte (Zamora) celebra este a\u00f1o 2014 su s\u00e9ptima edici\u00f3n. La primera \u00abRuta del Jabal\u00ed\u00bb se celebr\u00f3 en 1994, dentro del programa de fiestas de San Juan del Ayuntamiento de Coomonte para ese a\u00f1o.<\/p>\n<p style=\"text-align: justify;\">Juan Jos\u00e9 B\u00e9cares y Javier Rubio, naturales de Coomonte, fueron los principales impulsores de esta iniciativa, que adem\u00e1s de la pr\u00e1ctica deportiva incluye un marcado contenido cultural en sus recorridos: visita a lugares hist\u00f3ricos como el Despoblado de B\u00e9cares, el Puente de La Vizana, el Monasterio de Santa Mar\u00eda de Nogales (en San Esteban), y lugares de car\u00e1cter tradicional como los molinos de agua de Villaferrue\u00f1a o Arrabalde, o la fuente de El Ca\u00f1o de Alija del infantado, todo ello con una breve explicaci\u00f3n hist\u00f3rica.<\/p>\n<p style=\"text-align: justify;\">En 2013 se retom\u00f3 esta iniciativa, volviendo a los origenes de la quedada, visitando las ruinas del Despoblado de B\u00e9cares, y disfrutando de una soleada ma\u00f1ana de pr\u00e1ctica deportiva.<\/p>\n<p>&nbsp;<\/p>\n<h4>RECORRIDO<\/h4>\n<p style=\"text-align: justify;\">Este a\u00f1o (2014), por primera vez, est\u00e1 prevista una visita al Castro astur sito en el lugar que llaman Las Labradas, en t\u00e9rmino municipal de Arrabalde. De tal forma que saliendo desde Coomonte a las 10h del domingo, 29 de Junio, atravesaremos parajes naturales y antiguos y sinuosos caminos de monte para llegar a una subida de varios kil\u00f3metros hasta el Castro, lo que califica la ruta como de una dificultad y nivel medio, asequible para mayores de 15 a\u00f1os. La mayor\u00eda de las veces, la ruta tiene una distancia total de entre 25 y 30 kil\u00f3metros, la mayor parte por caminos de monte y bellos paisajes.<\/p>\n<p><strong>Punto de partida<\/strong> (Google Street View): <a href=\"https:\/\/www.google.com\/maps\/@42.115941,-5.813143,3a,90y,151.17h,82.18t\/data=!3m4!1e1!3m2!1sHu25ufWXoitmfTmzrvzxHA!2e0!6m1!1e1?hl=es-ES\" target=\"_blank\" rel=\"noopener\">https:\/\/www.google.com\/maps\/@42.115941,-5.813143,3a,90y,151.17h,82.18t\/data=!3m4!1e1!3m2!1sHu25ufWXoitmfTmzrvzxHA!2e0!6m1!1e1?hl=es-ES<\/a><\/p>\n<p>&nbsp;<\/p>\n<h4>CARTEL<\/h4>\n<p><a title=\"Descargar cartel VII Marcha en bici\" href=\"http:\/\/www.daniel-ortiz.es\/coomonte\/wp-content\/uploads\/2014\/06\/VII-Marcha-en-bici.pdf\" target=\"_blank\" rel=\"noopener\">Descargar cartel VII Marcha en bici<\/a><\/p>\n<p>&nbsp;<\/p>\n<h4>LUGAR, HORA Y PROGRAMA<\/h4>\n<p style=\"text-align: justify;\">No se requiere inscripci\u00f3n previa alguna. La salida es a las 10 horas en la plaza Mayor de Coomonte (frente al Ayuntamiento), del d\u00eda 29 de junio, y la llegada est\u00e1 prevista unas tres horas m\u00e1s tarde. Al llegar, se servir\u00e1 un pincho para todos los participantes en la misma. Se recomienda llevar protecci\u00f3n solar y todos los elementos de seguridad (casco o guantes) t\u00edpicos de la bici de monta\u00f1a.<\/p>\n<p style=\"text-align: justify;\">Si tienes dudas de c\u00f3mo llegar al pueblo, puedes ver su situaci\u00f3n:\u00a0<a href=\"\/coomonte\/situacion\/\">\/situacion\/<\/a><\/p>\n<p style=\"text-align: justify;\"><strong>ATENCI\u00d3N: Los participantes asumen voluntariamente el riesgo de esta pr\u00e1ctica deportiva, bajo su exclusiva responsabilidad. Los menores de edad, deber\u00e1n llevar una autorizaci\u00f3n firmada por sus padres o tutores.<\/strong><\/p>\n<p>&nbsp;<\/p>\n<h4>FOTOGRAF\u00cdAS<\/h4>\n<p>LUGARES VISITADOS O A VISITAR Y DE OTRAS EDICIONES<\/p>\n<p><a title=\"Ir a la galer\u00eda de fotos\" href=\"coomonte\/marcha-en-bici\/\">Ir a la galer\u00eda<\/a><\/p>\n","protected":false},"excerpt":{"rendered":"<p>\u00a0HISTORIA \u00b7 RECORRIDO \u00b7 CARTEL \u00b7 LUGAR, HORA Y PROGRAMA\u00a0\u00b7 FOTOGRAF\u00cdAS HISTORIA La tradicional quedada para realizar un ruta en bicicleta por los parajes del entorno de Coomonte (Zamora) celebra este a\u00f1o 2014 su s\u00e9ptima edici\u00f3n. La primera \u00abRuta del Jabal\u00ed\u00bb se celebr\u00f3 en 1994, dentro del programa de fiestas de San Juan del Ayuntamiento&#8230;<\/p>\n","protected":false},"author":1,"featured_media":235,"parent":0,"menu_order":0,"comment_status":"closed","ping_status":"closed","template":"","meta":{"ngg_post_thumbnail":0,"footnotes":""},"class_list":["post-1230","page","type-page","status-publish","has-post-thumbnail","hentry"],"aioseo_notices":[],"jetpack-related-posts":[],"jetpack_sharing_enabled":true,"_links":{"self":[{"href":"https:\/\/coomonte.net\/index.php\/wp-json\/wp\/v2\/pages\/1230","targetHints":{"allow":["GET"]}}],"collection":[{"href":"https:\/\/coomonte.net\/index.php\/wp-json\/wp\/v2\/pages"}],"about":[{"href":"https:\/\/coomonte.net\/index.php\/wp-json\/wp\/v2\/types\/page"}],"author":[{"embeddable":true,"href":"https:\/\/coomonte.net\/index.php\/wp-json\/wp\/v2\/users\/1"}],"replies":[{"embeddable":true,"href":"https:\/\/coomonte.net\/index.php\/wp-json\/wp\/v2\/comments?post=1230"}],"version-history":[{"count":0,"href":"https:\/\/coomonte.net\/index.php\/wp-json\/wp\/v2\/pages\/1230\/revisions"}],"wp:featuredmedia":[{"embeddable":true,"href":"https:\/\/coomonte.net\/index.php\/wp-json\/wp\/v2\/media\/235"}],"wp:attachment":[{"href":"https:\/\/coomonte.net\/index.php\/wp-json\/wp\/v2\/media?parent=1230"}],"curies":[{"name":"wp","href":"https:\/\/api.w.org\/{rel}","templated":true}]}}